{"id":115,"date":"2017-11-05T13:25:41","date_gmt":"2017-11-05T12:25:41","guid":{"rendered":"http:\/\/fae-traduction.fr\/?page_id=115"},"modified":"2025-02-06T18:18:17","modified_gmt":"2025-02-06T17:18:17","slug":"interpretation","status":"publish","type":"page","link":"https:\/\/fae-traduction.fr\/en\/services\/interpretation\/","title":{"rendered":"Interpreting"},"content":{"rendered":"<p><\/p>\n<p style=\"text-align: center;\"><img loading=\"lazy\" decoding=\"async\" class=\"alignnone size-full wp-image-302 aligncenter\" src=\"https:\/\/fae-traduction.fr\/wp-content\/uploads\/2018\/01\/communication-2.png\" alt=\"Logo repr\u00e9sentant l'interpr\u00e9tation\" width=\"64\" height=\"64\" \/><\/p>\n<p>Planning a business lunch? An industrial plant visit? A technical training?<\/p>\n<p>Having a business meeting with a foreign supplier or a client who speaks French?<\/p>\n<p>I offer liaison interpreting for all your needs from and into French. I enable fluid communication between all the participants.<\/p>\n<p>With my own PPE, I can escort you employees, suppliers or clients inside the process plants.<\/p>\n<p>I can travel to Hauts-de-France, Paris, Belgium and London. For any inquiry, please send me a message through my\u00a0<a href=\"https:\/\/fae-traduction.fr\/contact\/\">contact form<\/a>.<\/p>\n<p><\/p>","protected":false},"excerpt":{"rendered":"<p>Planning a business lunch? An industrial plant visit? A technical training? Having a business meeting with a foreign supplier or a client who speaks French? I offer liaison interpreting for &#8230;<\/p>\n","protected":false},"author":2,"featured_media":320,"parent":119,"menu_order":0,"comment_status":"closed","ping_status":"closed","template":"","meta":{"om_disable_all_campaigns":false,"_monsterinsights_skip_tracking":false,"_monsterinsights_sitenote_active":false,"_monsterinsights_sitenote_note":"","_monsterinsights_sitenote_category":0,"_uf_show_specific_survey":0,"_uf_disable_surveys":false,"footnotes":""},"class_list":["post-115","page","type-page","status-publish","has-post-thumbnail","hentry"],"yoast_head":"<!-- This site is optimized with the Yoast SEO plugin v22.9 - https:\/\/yoast.com\/wordpress\/plugins\/seo\/ -->\n<title>(Fran\u00e7ais) Interpreting | FAE Traduction %<\/title>\n<meta name=\"description\" content=\"(Fran\u00e7ais) Interpr\u00e8te de liaison fran\u00e7ais \/ anglais et espagnol \/ fran\u00e7ais dans l&#039;industrie (visites d&#039;usine, formations techniques, r\u00e9union technico-commerciales...)\" \/>\n<meta name=\"robots\" content=\"index, follow, max-snippet:-1, max-image-preview:large, max-video-preview:-1\" \/>\n<link rel=\"canonical\" href=\"https:\/\/fae-traduction.fr\/services\/interpretation\/\" \/>\n<meta property=\"og:locale\" content=\"en_US\" \/>\n<meta property=\"og:type\" content=\"article\" \/>\n<meta property=\"og:title\" content=\"[:fr]Interpreting | FAE Traduction %[:]\" \/>\n<meta property=\"og:description\" content=\"{:fr}Interpr\u00e8te de liaison fran\u00e7ais \/ anglais et espagnol \/ fran\u00e7ais dans l&#039;industrie (visites d&#039;usine, formations techniques, r\u00e9union technico-commerciales...){:}\" \/>\n<meta property=\"og:url\" content=\"https:\/\/fae-traduction.fr\/services\/interpretation\/\" \/>\n<meta property=\"og:site_name\" content=\"FAE Traduction\" \/>\n<meta property=\"article:modified_time\" content=\"2025-02-06T17:18:17+00:00\" \/>\n<meta property=\"og:image\" content=\"https:\/\/fae-traduction.fr\/wp-content\/uploads\/2018\/01\/interpr\u00e9tation-1024x438.png\" \/>\n\t<meta property=\"og:image:width\" content=\"1024\" \/>\n\t<meta property=\"og:image:height\" content=\"438\" \/>\n\t<meta property=\"og:image:type\" content=\"image\/png\" \/>\n<meta name=\"twitter:card\" content=\"summary_large_image\" \/>\n<meta name=\"twitter:site\" content=\"@FAE_Traduction\" \/>\n<meta name=\"twitter:label1\" content=\"Est. reading time\" \/>\n\t<meta name=\"twitter:data1\" content=\"2 minutes\" \/>\n<script type=\"application\/ld+json\" class=\"yoast-schema-graph\">{\"@context\":\"https:\/\/schema.org\",\"@graph\":[{\"@type\":\"WebPage\",\"@id\":\"https:\/\/fae-traduction.fr\/services\/interpretation\/\",\"url\":\"https:\/\/fae-traduction.fr\/services\/interpretation\/\",\"name\":\"[:fr]Interpreting | FAE Traduction %[:]\",\"isPartOf\":{\"@id\":\"https:\/\/fae-traduction.fr\/#website\"},\"primaryImageOfPage\":{\"@id\":\"https:\/\/fae-traduction.fr\/services\/interpretation\/#primaryimage\"},\"image\":{\"@id\":\"https:\/\/fae-traduction.fr\/services\/interpretation\/#primaryimage\"},\"thumbnailUrl\":\"https:\/\/fae-traduction.fr\/wp-content\/uploads\/2018\/01\/interpr\u00e9tation.png\",\"datePublished\":\"2017-11-05T12:25:41+00:00\",\"dateModified\":\"2025-02-06T17:18:17+00:00\",\"description\":\"{:fr}Interpr\u00e8te de liaison fran\u00e7ais \/ anglais et espagnol \/ fran\u00e7ais dans l'industrie (visites d'usine, formations techniques, r\u00e9union technico-commerciales...){:}\",\"breadcrumb\":{\"@id\":\"https:\/\/fae-traduction.fr\/services\/interpretation\/#breadcrumb\"},\"inLanguage\":\"en-US\",\"potentialAction\":[{\"@type\":\"ReadAction\",\"target\":[\"https:\/\/fae-traduction.fr\/services\/interpretation\/\"]}]},{\"@type\":\"ImageObject\",\"inLanguage\":\"en-US\",\"@id\":\"https:\/\/fae-traduction.fr\/services\/interpretation\/#primaryimage\",\"url\":\"https:\/\/fae-traduction.fr\/wp-content\/uploads\/2018\/01\/interpr\u00e9tation.png\",\"contentUrl\":\"https:\/\/fae-traduction.fr\/wp-content\/uploads\/2018\/01\/interpr\u00e9tation.png\",\"width\":1915,\"height\":820},{\"@type\":\"BreadcrumbList\",\"@id\":\"https:\/\/fae-traduction.fr\/services\/interpretation\/#breadcrumb\",\"itemListElement\":[{\"@type\":\"ListItem\",\"position\":1,\"name\":\"Accueil\",\"item\":\"https:\/\/fae-traduction.fr\/\"},{\"@type\":\"ListItem\",\"position\":2,\"name\":\"Services\",\"item\":\"https:\/\/fae-traduction.fr\/services\/\"},{\"@type\":\"ListItem\",\"position\":3,\"name\":\"Interpr\u00e9tation de liaison\"}]},{\"@type\":\"WebSite\",\"@id\":\"https:\/\/fae-traduction.fr\/#website\",\"url\":\"https:\/\/fae-traduction.fr\/\",\"name\":\"FAE Traduction\",\"description\":\"Donner des ailes \u00e0 vos mots\",\"publisher\":{\"@id\":\"https:\/\/fae-traduction.fr\/#organization\"},\"potentialAction\":[{\"@type\":\"SearchAction\",\"target\":{\"@type\":\"EntryPoint\",\"urlTemplate\":\"https:\/\/fae-traduction.fr\/?s={search_term_string}\"},\"query-input\":\"required name=search_term_string\"}],\"inLanguage\":\"en-US\"},{\"@type\":\"Organization\",\"@id\":\"https:\/\/fae-traduction.fr\/#organization\",\"name\":\"FAE Traduction\",\"url\":\"https:\/\/fae-traduction.fr\/\",\"logo\":{\"@type\":\"ImageObject\",\"inLanguage\":\"en-US\",\"@id\":\"https:\/\/fae-traduction.fr\/#\/schema\/logo\/image\/\",\"url\":\"https:\/\/fae-traduction.fr\/wp-content\/uploads\/2021\/11\/cropped-banniere_twitter.png\",\"contentUrl\":\"https:\/\/fae-traduction.fr\/wp-content\/uploads\/2021\/11\/cropped-banniere_twitter.png\",\"width\":1584,\"height\":356,\"caption\":\"FAE Traduction\"},\"image\":{\"@id\":\"https:\/\/fae-traduction.fr\/#\/schema\/logo\/image\/\"},\"sameAs\":[\"https:\/\/x.com\/FAE_Traduction\",\"https:\/\/www.linkedin.com\/in\/mailys-lejosne\/\"]}]}<\/script>\n<!-- \/ Yoast SEO plugin. -->","yoast_head_json":{"title":"(Fran\u00e7ais) Interpreting | FAE Traduction %","description":"(Fran\u00e7ais) Interpr\u00e8te de liaison fran\u00e7ais \/ anglais et espagnol \/ fran\u00e7ais dans l'industrie (visites d'usine, formations techniques, r\u00e9union technico-commerciales...)","robots":{"index":"index","follow":"follow","max-snippet":"max-snippet:-1","max-image-preview":"max-image-preview:large","max-video-preview":"max-video-preview:-1"},"canonical":"https:\/\/fae-traduction.fr\/services\/interpretation\/","og_locale":"en_US","og_type":"article","og_title":"[:fr]Interpreting | FAE Traduction %[:]","og_description":"{:fr}Interpr\u00e8te de liaison fran\u00e7ais \/ anglais et espagnol \/ fran\u00e7ais dans l'industrie (visites d'usine, formations techniques, r\u00e9union technico-commerciales...){:}","og_url":"https:\/\/fae-traduction.fr\/services\/interpretation\/","og_site_name":"FAE Traduction","article_modified_time":"2025-02-06T17:18:17+00:00","og_image":[{"width":1024,"height":438,"url":"https:\/\/fae-traduction.fr\/wp-content\/uploads\/2018\/01\/interpr\u00e9tation-1024x438.png","type":"image\/png"}],"twitter_card":"summary_large_image","twitter_site":"@FAE_Traduction","twitter_misc":{"Est. reading time":"2 minutes"},"schema":{"@context":"https:\/\/schema.org","@graph":[{"@type":"WebPage","@id":"https:\/\/fae-traduction.fr\/services\/interpretation\/","url":"https:\/\/fae-traduction.fr\/services\/interpretation\/","name":"[:fr]Interpreting | FAE Traduction %[:]","isPartOf":{"@id":"https:\/\/fae-traduction.fr\/#website"},"primaryImageOfPage":{"@id":"https:\/\/fae-traduction.fr\/services\/interpretation\/#primaryimage"},"image":{"@id":"https:\/\/fae-traduction.fr\/services\/interpretation\/#primaryimage"},"thumbnailUrl":"https:\/\/fae-traduction.fr\/wp-content\/uploads\/2018\/01\/interpr\u00e9tation.png","datePublished":"2017-11-05T12:25:41+00:00","dateModified":"2025-02-06T17:18:17+00:00","description":"{:fr}Interpr\u00e8te de liaison fran\u00e7ais \/ anglais et espagnol \/ fran\u00e7ais dans l'industrie (visites d'usine, formations techniques, r\u00e9union technico-commerciales...){:}","breadcrumb":{"@id":"https:\/\/fae-traduction.fr\/services\/interpretation\/#breadcrumb"},"inLanguage":"en-US","potentialAction":[{"@type":"ReadAction","target":["https:\/\/fae-traduction.fr\/services\/interpretation\/"]}]},{"@type":"ImageObject","inLanguage":"en-US","@id":"https:\/\/fae-traduction.fr\/services\/interpretation\/#primaryimage","url":"https:\/\/fae-traduction.fr\/wp-content\/uploads\/2018\/01\/interpr\u00e9tation.png","contentUrl":"https:\/\/fae-traduction.fr\/wp-content\/uploads\/2018\/01\/interpr\u00e9tation.png","width":1915,"height":820},{"@type":"BreadcrumbList","@id":"https:\/\/fae-traduction.fr\/services\/interpretation\/#breadcrumb","itemListElement":[{"@type":"ListItem","position":1,"name":"Accueil","item":"https:\/\/fae-traduction.fr\/"},{"@type":"ListItem","position":2,"name":"Services","item":"https:\/\/fae-traduction.fr\/services\/"},{"@type":"ListItem","position":3,"name":"Interpr\u00e9tation de liaison"}]},{"@type":"WebSite","@id":"https:\/\/fae-traduction.fr\/#website","url":"https:\/\/fae-traduction.fr\/","name":"FAE Traduction","description":"Donner des ailes \u00e0 vos mots","publisher":{"@id":"https:\/\/fae-traduction.fr\/#organization"},"potentialAction":[{"@type":"SearchAction","target":{"@type":"EntryPoint","urlTemplate":"https:\/\/fae-traduction.fr\/?s={search_term_string}"},"query-input":"required name=search_term_string"}],"inLanguage":"en-US"},{"@type":"Organization","@id":"https:\/\/fae-traduction.fr\/#organization","name":"FAE Traduction","url":"https:\/\/fae-traduction.fr\/","logo":{"@type":"ImageObject","inLanguage":"en-US","@id":"https:\/\/fae-traduction.fr\/#\/schema\/logo\/image\/","url":"https:\/\/fae-traduction.fr\/wp-content\/uploads\/2021\/11\/cropped-banniere_twitter.png","contentUrl":"https:\/\/fae-traduction.fr\/wp-content\/uploads\/2021\/11\/cropped-banniere_twitter.png","width":1584,"height":356,"caption":"FAE Traduction"},"image":{"@id":"https:\/\/fae-traduction.fr\/#\/schema\/logo\/image\/"},"sameAs":["https:\/\/x.com\/FAE_Traduction","https:\/\/www.linkedin.com\/in\/mailys-lejosne\/"]}]}},"_links":{"self":[{"href":"https:\/\/fae-traduction.fr\/en\/wp-json\/wp\/v2\/pages\/115","targetHints":{"allow":["GET"]}}],"collection":[{"href":"https:\/\/fae-traduction.fr\/en\/wp-json\/wp\/v2\/pages"}],"about":[{"href":"https:\/\/fae-traduction.fr\/en\/wp-json\/wp\/v2\/types\/page"}],"author":[{"embeddable":true,"href":"https:\/\/fae-traduction.fr\/en\/wp-json\/wp\/v2\/users\/2"}],"replies":[{"embeddable":true,"href":"https:\/\/fae-traduction.fr\/en\/wp-json\/wp\/v2\/comments?post=115"}],"version-history":[{"count":15,"href":"https:\/\/fae-traduction.fr\/en\/wp-json\/wp\/v2\/pages\/115\/revisions"}],"predecessor-version":[{"id":584,"href":"https:\/\/fae-traduction.fr\/en\/wp-json\/wp\/v2\/pages\/115\/revisions\/584"}],"up":[{"embeddable":true,"href":"https:\/\/fae-traduction.fr\/en\/wp-json\/wp\/v2\/pages\/119"}],"wp:featuredmedia":[{"embeddable":true,"href":"https:\/\/fae-traduction.fr\/en\/wp-json\/wp\/v2\/media\/320"}],"wp:attachment":[{"href":"https:\/\/fae-traduction.fr\/en\/wp-json\/wp\/v2\/media?parent=115"}],"curies":[{"name":"wp","href":"https:\/\/api.w.org\/{rel}","templated":true}]}}