{"id":227,"date":"2017-11-22T16:16:37","date_gmt":"2017-11-22T15:16:37","guid":{"rendered":"http:\/\/fae-traduction.fr\/?page_id=227"},"modified":"2024-06-26T11:34:50","modified_gmt":"2024-06-26T09:34:50","slug":"mentions-legales","status":"publish","type":"page","link":"https:\/\/fae-traduction.fr\/en\/terms-conditions\/","title":{"rendered":"Terms &#038; Conditions"},"content":{"rendered":"<p>EURL FAE Traduction<\/p>\n<p>Corporation manager: Ma\u00eflys LEJOSNE-LE CALVEZ<\/p>\n<p>Headquarters: 23 rue Canrobert &#8211; 59700 MARCQ EN BAR\u0152UL &#8211; FRANCE<\/p>\n<p>+33 (0)6 61 82 12 35<\/p>\n<p>e-mail : contact[at]fae-traduction.fr<\/p>\n<p>VAT number:\u00a0FR85841823610<\/p>\n<p>&nbsp;<\/p>\n<p>Director of publication: Ma\u00eflys LEJOSNE &#8211; LE CALVEZ<\/p>\n<p>Website designed by: Olivier LEJOSNE<\/p>\n<p>Web hosting : OVH &#8211;\u00a02 rue Kellermann &#8211; 59100 Roubaix &#8211; France<\/p>\n<p>&nbsp;<\/p>\n<div>Icons made by <a title=\"Freepik\" href=\"https:\/\/www.freepik.com\" class=\"broken_link\">Freepik<\/a> from <a title=\"Flaticon\" href=\"https:\/\/www.flaticon.com\/\" class=\"broken_link\">www.flaticon.com<\/a> is licensed by <a title=\"Creative Commons BY 3.0\" href=\"https:\/\/creativecommons.org\/licenses\/by\/3.0\/\" target=\"_blank\" rel=\"noopener\">CC 3.0 BY<\/a><\/div>\n<p><\/p>","protected":false},"excerpt":{"rendered":"<p>EURL FAE Traduction Corporation manager: Ma\u00eflys LEJOSNE-LE CALVEZ Headquarters: 23 rue Canrobert &#8211; 59700 MARCQ EN BAR\u0152UL &#8211; FRANCE +33 (0)6 61 82 12 35 e-mail : contact[at]fae-traduction.fr VAT number:\u00a0FR85841823610 &#8230;<\/p>\n","protected":false},"author":2,"featured_media":0,"parent":0,"menu_order":0,"comment_status":"closed","ping_status":"closed","template":"","meta":{"om_disable_all_campaigns":false,"_monsterinsights_skip_tracking":false,"_monsterinsights_sitenote_active":false,"_monsterinsights_sitenote_note":"","_monsterinsights_sitenote_category":0,"_uf_show_specific_survey":0,"_uf_disable_surveys":false,"footnotes":""},"class_list":["post-227","page","type-page","status-publish","hentry"],"yoast_head":"<!-- This site is optimized with the Yoast SEO plugin v22.9 - https:\/\/yoast.com\/wordpress\/plugins\/seo\/ -->\n<title>(Fran\u00e7ais) Mentions L\u00e9gales FAE Traduction - Espace des Entrepreneurs<\/title>\n<meta name=\"description\" content=\"(Fran\u00e7ais) Si\u00e8ge Social : 23 rue Canrobert \u2013 59700 MARCQ EN BAR\u0152UL \u2013 FRANCE n\u00b0 t\u00e9l : +33 (0)3 66 08 01 06 - e-mail : contact[at]fae-traduction.fr\" \/>\n<meta name=\"robots\" content=\"index, follow, max-snippet:-1, max-image-preview:large, max-video-preview:-1\" \/>\n<link rel=\"canonical\" href=\"https:\/\/fae-traduction.fr\/mentions-legales\/\" \/>\n<meta property=\"og:locale\" content=\"en_US\" \/>\n<meta property=\"og:type\" content=\"article\" \/>\n<meta property=\"og:title\" content=\"[:fr]Mentions L\u00e9gales FAE Traduction - Espace des Entrepreneurs[:]\" \/>\n<meta property=\"og:description\" content=\"{:fr}Si\u00e8ge Social : 23 rue Canrobert \u2013 59700 MARCQ EN BAR\u0152UL \u2013 FRANCE n\u00b0 t\u00e9l : +33 (0)3 66 08 01 06 - e-mail : contact[at]fae-traduction.fr {:}\" \/>\n<meta property=\"og:url\" content=\"https:\/\/fae-traduction.fr\/mentions-legales\/\" \/>\n<meta property=\"og:site_name\" content=\"FAE Traduction\" \/>\n<meta property=\"article:modified_time\" content=\"2024-06-26T09:34:50+00:00\" \/>\n<meta name=\"twitter:card\" content=\"summary_large_image\" \/>\n<meta name=\"twitter:site\" content=\"@FAE_Traduction\" \/>\n<meta name=\"twitter:label1\" content=\"Est. reading time\" \/>\n\t<meta name=\"twitter:data1\" content=\"2 minutes\" \/>\n<script type=\"application\/ld+json\" class=\"yoast-schema-graph\">{\"@context\":\"https:\/\/schema.org\",\"@graph\":[{\"@type\":\"WebPage\",\"@id\":\"https:\/\/fae-traduction.fr\/mentions-legales\/\",\"url\":\"https:\/\/fae-traduction.fr\/mentions-legales\/\",\"name\":\"[:fr]Mentions L\u00e9gales FAE Traduction - Espace des Entrepreneurs[:]\",\"isPartOf\":{\"@id\":\"https:\/\/fae-traduction.fr\/#website\"},\"datePublished\":\"2017-11-22T15:16:37+00:00\",\"dateModified\":\"2024-06-26T09:34:50+00:00\",\"description\":\"{:fr}Si\u00e8ge Social : 23 rue Canrobert \u2013 59700 MARCQ EN BAR\u0152UL \u2013 FRANCE n\u00b0 t\u00e9l : +33 (0)3 66 08 01 06 - e-mail : contact[at]fae-traduction.fr {:}\",\"breadcrumb\":{\"@id\":\"https:\/\/fae-traduction.fr\/mentions-legales\/#breadcrumb\"},\"inLanguage\":\"en-US\",\"potentialAction\":[{\"@type\":\"ReadAction\",\"target\":[\"https:\/\/fae-traduction.fr\/mentions-legales\/\"]}]},{\"@type\":\"BreadcrumbList\",\"@id\":\"https:\/\/fae-traduction.fr\/mentions-legales\/#breadcrumb\",\"itemListElement\":[{\"@type\":\"ListItem\",\"position\":1,\"name\":\"Accueil\",\"item\":\"https:\/\/fae-traduction.fr\/\"},{\"@type\":\"ListItem\",\"position\":2,\"name\":\"Mentions L\u00e9gales\"}]},{\"@type\":\"WebSite\",\"@id\":\"https:\/\/fae-traduction.fr\/#website\",\"url\":\"https:\/\/fae-traduction.fr\/\",\"name\":\"FAE Traduction\",\"description\":\"Donner des ailes \u00e0 vos mots\",\"publisher\":{\"@id\":\"https:\/\/fae-traduction.fr\/#organization\"},\"potentialAction\":[{\"@type\":\"SearchAction\",\"target\":{\"@type\":\"EntryPoint\",\"urlTemplate\":\"https:\/\/fae-traduction.fr\/?s={search_term_string}\"},\"query-input\":\"required name=search_term_string\"}],\"inLanguage\":\"en-US\"},{\"@type\":\"Organization\",\"@id\":\"https:\/\/fae-traduction.fr\/#organization\",\"name\":\"FAE Traduction\",\"url\":\"https:\/\/fae-traduction.fr\/\",\"logo\":{\"@type\":\"ImageObject\",\"inLanguage\":\"en-US\",\"@id\":\"https:\/\/fae-traduction.fr\/#\/schema\/logo\/image\/\",\"url\":\"https:\/\/fae-traduction.fr\/wp-content\/uploads\/2021\/11\/cropped-banniere_twitter.png\",\"contentUrl\":\"https:\/\/fae-traduction.fr\/wp-content\/uploads\/2021\/11\/cropped-banniere_twitter.png\",\"width\":1584,\"height\":356,\"caption\":\"FAE Traduction\"},\"image\":{\"@id\":\"https:\/\/fae-traduction.fr\/#\/schema\/logo\/image\/\"},\"sameAs\":[\"https:\/\/x.com\/FAE_Traduction\",\"https:\/\/www.linkedin.com\/in\/mailys-lejosne\/\"]}]}<\/script>\n<!-- \/ Yoast SEO plugin. -->","yoast_head_json":{"title":"(Fran\u00e7ais) Mentions L\u00e9gales FAE Traduction - Espace des Entrepreneurs","description":"(Fran\u00e7ais) Si\u00e8ge Social : 23 rue Canrobert \u2013 59700 MARCQ EN BAR\u0152UL \u2013 FRANCE n\u00b0 t\u00e9l : +33 (0)3 66 08 01 06 - e-mail : contact[at]fae-traduction.fr","robots":{"index":"index","follow":"follow","max-snippet":"max-snippet:-1","max-image-preview":"max-image-preview:large","max-video-preview":"max-video-preview:-1"},"canonical":"https:\/\/fae-traduction.fr\/mentions-legales\/","og_locale":"en_US","og_type":"article","og_title":"[:fr]Mentions L\u00e9gales FAE Traduction - Espace des Entrepreneurs[:]","og_description":"{:fr}Si\u00e8ge Social : 23 rue Canrobert \u2013 59700 MARCQ EN BAR\u0152UL \u2013 FRANCE n\u00b0 t\u00e9l : +33 (0)3 66 08 01 06 - e-mail : contact[at]fae-traduction.fr {:}","og_url":"https:\/\/fae-traduction.fr\/mentions-legales\/","og_site_name":"FAE Traduction","article_modified_time":"2024-06-26T09:34:50+00:00","twitter_card":"summary_large_image","twitter_site":"@FAE_Traduction","twitter_misc":{"Est. reading time":"2 minutes"},"schema":{"@context":"https:\/\/schema.org","@graph":[{"@type":"WebPage","@id":"https:\/\/fae-traduction.fr\/mentions-legales\/","url":"https:\/\/fae-traduction.fr\/mentions-legales\/","name":"[:fr]Mentions L\u00e9gales FAE Traduction - Espace des Entrepreneurs[:]","isPartOf":{"@id":"https:\/\/fae-traduction.fr\/#website"},"datePublished":"2017-11-22T15:16:37+00:00","dateModified":"2024-06-26T09:34:50+00:00","description":"{:fr}Si\u00e8ge Social : 23 rue Canrobert \u2013 59700 MARCQ EN BAR\u0152UL \u2013 FRANCE n\u00b0 t\u00e9l : +33 (0)3 66 08 01 06 - e-mail : contact[at]fae-traduction.fr {:}","breadcrumb":{"@id":"https:\/\/fae-traduction.fr\/mentions-legales\/#breadcrumb"},"inLanguage":"en-US","potentialAction":[{"@type":"ReadAction","target":["https:\/\/fae-traduction.fr\/mentions-legales\/"]}]},{"@type":"BreadcrumbList","@id":"https:\/\/fae-traduction.fr\/mentions-legales\/#breadcrumb","itemListElement":[{"@type":"ListItem","position":1,"name":"Accueil","item":"https:\/\/fae-traduction.fr\/"},{"@type":"ListItem","position":2,"name":"Mentions L\u00e9gales"}]},{"@type":"WebSite","@id":"https:\/\/fae-traduction.fr\/#website","url":"https:\/\/fae-traduction.fr\/","name":"FAE Traduction","description":"Donner des ailes \u00e0 vos mots","publisher":{"@id":"https:\/\/fae-traduction.fr\/#organization"},"potentialAction":[{"@type":"SearchAction","target":{"@type":"EntryPoint","urlTemplate":"https:\/\/fae-traduction.fr\/?s={search_term_string}"},"query-input":"required name=search_term_string"}],"inLanguage":"en-US"},{"@type":"Organization","@id":"https:\/\/fae-traduction.fr\/#organization","name":"FAE Traduction","url":"https:\/\/fae-traduction.fr\/","logo":{"@type":"ImageObject","inLanguage":"en-US","@id":"https:\/\/fae-traduction.fr\/#\/schema\/logo\/image\/","url":"https:\/\/fae-traduction.fr\/wp-content\/uploads\/2021\/11\/cropped-banniere_twitter.png","contentUrl":"https:\/\/fae-traduction.fr\/wp-content\/uploads\/2021\/11\/cropped-banniere_twitter.png","width":1584,"height":356,"caption":"FAE Traduction"},"image":{"@id":"https:\/\/fae-traduction.fr\/#\/schema\/logo\/image\/"},"sameAs":["https:\/\/x.com\/FAE_Traduction","https:\/\/www.linkedin.com\/in\/mailys-lejosne\/"]}]}},"_links":{"self":[{"href":"https:\/\/fae-traduction.fr\/en\/wp-json\/wp\/v2\/pages\/227","targetHints":{"allow":["GET"]}}],"collection":[{"href":"https:\/\/fae-traduction.fr\/en\/wp-json\/wp\/v2\/pages"}],"about":[{"href":"https:\/\/fae-traduction.fr\/en\/wp-json\/wp\/v2\/types\/page"}],"author":[{"embeddable":true,"href":"https:\/\/fae-traduction.fr\/en\/wp-json\/wp\/v2\/users\/2"}],"replies":[{"embeddable":true,"href":"https:\/\/fae-traduction.fr\/en\/wp-json\/wp\/v2\/comments?post=227"}],"version-history":[{"count":35,"href":"https:\/\/fae-traduction.fr\/en\/wp-json\/wp\/v2\/pages\/227\/revisions"}],"predecessor-version":[{"id":566,"href":"https:\/\/fae-traduction.fr\/en\/wp-json\/wp\/v2\/pages\/227\/revisions\/566"}],"wp:attachment":[{"href":"https:\/\/fae-traduction.fr\/en\/wp-json\/wp\/v2\/media?parent=227"}],"curies":[{"name":"wp","href":"https:\/\/api.w.org\/{rel}","templated":true}]}}