{"id":42,"date":"2017-11-05T10:54:59","date_gmt":"2017-11-05T09:54:59","guid":{"rendered":"http:\/\/fae-traduction.fr\/?page_id=42"},"modified":"2018-01-21T23:13:48","modified_gmt":"2018-01-21T22:13:48","slug":"traduction-ludique","status":"publish","type":"page","link":"https:\/\/fae-traduction.fr\/en\/services\/games-translation\/","title":{"rendered":"Games Translation"},"content":{"rendered":"<p><img loading=\"lazy\" decoding=\"async\" class=\"alignnone size-full wp-image-147 aligncenter\" src=\"https:\/\/fae-traduction.fr\/wp-content\/uploads\/2017\/11\/board-games-set-1.png\" alt=\"\" width=\"64\" height=\"64\" \/><\/p>\n<p>Game translation includes everything related to games in general whereas translating rules of the games, toys description or collectible cards games.\u00a0 It includes\u00a0 :<\/p>\n<ul>\n<li>Board games<\/li>\n<li>Collectible Cards Games (CCG)<\/li>\n<li>Role Playing Games<\/li>\n<li>Video Games<\/li>\n<li>toys<\/li>\n<li>Collectible toys<\/li>\n<li>Collectible statues&#8230;<\/li>\n<\/ul>\n<p><\/p>","protected":false},"excerpt":{"rendered":"<p>Game translation includes everything related to games in general whereas translating rules of the games, toys description or collectible cards games.\u00a0 It includes\u00a0 : Board games Collectible Cards Games (CCG) &#8230;<\/p>\n","protected":false},"author":2,"featured_media":279,"parent":119,"menu_order":0,"comment_status":"closed","ping_status":"closed","template":"","meta":{"om_disable_all_campaigns":false,"_monsterinsights_skip_tracking":false,"_monsterinsights_sitenote_active":false,"_monsterinsights_sitenote_note":"","_monsterinsights_sitenote_category":0,"_uf_show_specific_survey":0,"_uf_disable_surveys":false,"footnotes":""},"class_list":["post-42","page","type-page","status-publish","has-post-thumbnail","hentry"],"yoast_head":"<!-- This site is optimized with the Yoast SEO plugin v22.9 - https:\/\/yoast.com\/wordpress\/plugins\/seo\/ -->\n<title>(Fran\u00e7ais) Traduction Ludique | Anglais\/Espagnol &gt; Fran\u00e7ais | jeux, jouets, figurines<\/title>\n<meta name=\"description\" content=\"(Fran\u00e7ais) Traduction de touts types de jeux (jeux de plateau, jeux de cartes, jeux de r\u00f4le, jeux de figurines ...) et jouets de l&#039;Anglais ou de l&#039;Espagnol vers le Fran\u00e7ais. Traduction des r\u00e8gles, textes des cartes, livres de base, description produit ...\" \/>\n<meta name=\"robots\" content=\"index, follow, max-snippet:-1, max-image-preview:large, max-video-preview:-1\" \/>\n<link rel=\"canonical\" href=\"https:\/\/fae-traduction.fr\/services\/traduction-ludique\/\" \/>\n<meta property=\"og:locale\" content=\"en_US\" \/>\n<meta property=\"og:type\" content=\"article\" \/>\n<meta property=\"og:title\" content=\"[:fr]Traduction Ludique | Anglais\/Espagnol &gt; Fran\u00e7ais | jeux, jouets, figurines[:]\" \/>\n<meta property=\"og:description\" content=\"{:fr}Traduction de touts types de jeux (jeux de plateau, jeux de cartes, jeux de r\u00f4le, jeux de figurines ...) et jouets de l&#039;Anglais ou de l&#039;Espagnol vers le Fran\u00e7ais. Traduction des r\u00e8gles, textes des cartes, livres de base, description produit ... {:}\" \/>\n<meta property=\"og:url\" content=\"https:\/\/fae-traduction.fr\/services\/traduction-ludique\/\" \/>\n<meta property=\"og:site_name\" content=\"FAE Traduction\" \/>\n<meta property=\"article:modified_time\" content=\"2018-01-21T22:13:48+00:00\" \/>\n<meta property=\"og:image\" content=\"https:\/\/fae-traduction.fr\/wp-content\/uploads\/2017\/12\/trad-ludique-1-1024x438.png\" \/>\n\t<meta property=\"og:image:width\" content=\"1024\" \/>\n\t<meta property=\"og:image:height\" content=\"438\" \/>\n\t<meta property=\"og:image:type\" content=\"image\/png\" \/>\n<meta name=\"twitter:card\" content=\"summary_large_image\" \/>\n<meta name=\"twitter:site\" content=\"@FAE_Traduction\" \/>\n<meta name=\"twitter:label1\" content=\"Est. reading time\" \/>\n\t<meta name=\"twitter:data1\" content=\"1 minute\" \/>\n<script type=\"application\/ld+json\" class=\"yoast-schema-graph\">{\"@context\":\"https:\/\/schema.org\",\"@graph\":[{\"@type\":\"WebPage\",\"@id\":\"https:\/\/fae-traduction.fr\/services\/traduction-ludique\/\",\"url\":\"https:\/\/fae-traduction.fr\/services\/traduction-ludique\/\",\"name\":\"[:fr]Traduction Ludique | Anglais\/Espagnol > Fran\u00e7ais | jeux, jouets, figurines[:]\",\"isPartOf\":{\"@id\":\"https:\/\/fae-traduction.fr\/#website\"},\"primaryImageOfPage\":{\"@id\":\"https:\/\/fae-traduction.fr\/services\/traduction-ludique\/#primaryimage\"},\"image\":{\"@id\":\"https:\/\/fae-traduction.fr\/services\/traduction-ludique\/#primaryimage\"},\"thumbnailUrl\":\"https:\/\/fae-traduction.fr\/wp-content\/uploads\/2017\/12\/trad-ludique-1.png\",\"datePublished\":\"2017-11-05T09:54:59+00:00\",\"dateModified\":\"2018-01-21T22:13:48+00:00\",\"description\":\"{:fr}Traduction de touts types de jeux (jeux de plateau, jeux de cartes, jeux de r\u00f4le, jeux de figurines ...) et jouets de l'Anglais ou de l'Espagnol vers le Fran\u00e7ais. Traduction des r\u00e8gles, textes des cartes, livres de base, description produit ... {:}\",\"breadcrumb\":{\"@id\":\"https:\/\/fae-traduction.fr\/services\/traduction-ludique\/#breadcrumb\"},\"inLanguage\":\"en-US\",\"potentialAction\":[{\"@type\":\"ReadAction\",\"target\":[\"https:\/\/fae-traduction.fr\/services\/traduction-ludique\/\"]}]},{\"@type\":\"ImageObject\",\"inLanguage\":\"en-US\",\"@id\":\"https:\/\/fae-traduction.fr\/services\/traduction-ludique\/#primaryimage\",\"url\":\"https:\/\/fae-traduction.fr\/wp-content\/uploads\/2017\/12\/trad-ludique-1.png\",\"contentUrl\":\"https:\/\/fae-traduction.fr\/wp-content\/uploads\/2017\/12\/trad-ludique-1.png\",\"width\":1915,\"height\":820},{\"@type\":\"BreadcrumbList\",\"@id\":\"https:\/\/fae-traduction.fr\/services\/traduction-ludique\/#breadcrumb\",\"itemListElement\":[{\"@type\":\"ListItem\",\"position\":1,\"name\":\"Accueil\",\"item\":\"https:\/\/fae-traduction.fr\/\"},{\"@type\":\"ListItem\",\"position\":2,\"name\":\"Services\",\"item\":\"https:\/\/fae-traduction.fr\/services\/\"},{\"@type\":\"ListItem\",\"position\":3,\"name\":\"Traduction Ludique\"}]},{\"@type\":\"WebSite\",\"@id\":\"https:\/\/fae-traduction.fr\/#website\",\"url\":\"https:\/\/fae-traduction.fr\/\",\"name\":\"FAE Traduction\",\"description\":\"Donner des ailes \u00e0 vos mots\",\"publisher\":{\"@id\":\"https:\/\/fae-traduction.fr\/#organization\"},\"potentialAction\":[{\"@type\":\"SearchAction\",\"target\":{\"@type\":\"EntryPoint\",\"urlTemplate\":\"https:\/\/fae-traduction.fr\/?s={search_term_string}\"},\"query-input\":\"required name=search_term_string\"}],\"inLanguage\":\"en-US\"},{\"@type\":\"Organization\",\"@id\":\"https:\/\/fae-traduction.fr\/#organization\",\"name\":\"FAE Traduction\",\"url\":\"https:\/\/fae-traduction.fr\/\",\"logo\":{\"@type\":\"ImageObject\",\"inLanguage\":\"en-US\",\"@id\":\"https:\/\/fae-traduction.fr\/#\/schema\/logo\/image\/\",\"url\":\"https:\/\/fae-traduction.fr\/wp-content\/uploads\/2021\/11\/cropped-banniere_twitter.png\",\"contentUrl\":\"https:\/\/fae-traduction.fr\/wp-content\/uploads\/2021\/11\/cropped-banniere_twitter.png\",\"width\":1584,\"height\":356,\"caption\":\"FAE Traduction\"},\"image\":{\"@id\":\"https:\/\/fae-traduction.fr\/#\/schema\/logo\/image\/\"},\"sameAs\":[\"https:\/\/x.com\/FAE_Traduction\",\"https:\/\/www.linkedin.com\/in\/mailys-lejosne\/\"]}]}<\/script>\n<!-- \/ Yoast SEO plugin. -->","yoast_head_json":{"title":"(Fran\u00e7ais) Traduction Ludique | Anglais\/Espagnol > Fran\u00e7ais | jeux, jouets, figurines","description":"(Fran\u00e7ais) Traduction de touts types de jeux (jeux de plateau, jeux de cartes, jeux de r\u00f4le, jeux de figurines ...) et jouets de l'Anglais ou de l'Espagnol vers le Fran\u00e7ais. Traduction des r\u00e8gles, textes des cartes, livres de base, description produit ...","robots":{"index":"index","follow":"follow","max-snippet":"max-snippet:-1","max-image-preview":"max-image-preview:large","max-video-preview":"max-video-preview:-1"},"canonical":"https:\/\/fae-traduction.fr\/services\/traduction-ludique\/","og_locale":"en_US","og_type":"article","og_title":"[:fr]Traduction Ludique | Anglais\/Espagnol > Fran\u00e7ais | jeux, jouets, figurines[:]","og_description":"{:fr}Traduction de touts types de jeux (jeux de plateau, jeux de cartes, jeux de r\u00f4le, jeux de figurines ...) et jouets de l'Anglais ou de l'Espagnol vers le Fran\u00e7ais. Traduction des r\u00e8gles, textes des cartes, livres de base, description produit ... {:}","og_url":"https:\/\/fae-traduction.fr\/services\/traduction-ludique\/","og_site_name":"FAE Traduction","article_modified_time":"2018-01-21T22:13:48+00:00","og_image":[{"width":1024,"height":438,"url":"https:\/\/fae-traduction.fr\/wp-content\/uploads\/2017\/12\/trad-ludique-1-1024x438.png","type":"image\/png"}],"twitter_card":"summary_large_image","twitter_site":"@FAE_Traduction","twitter_misc":{"Est. reading time":"1 minute"},"schema":{"@context":"https:\/\/schema.org","@graph":[{"@type":"WebPage","@id":"https:\/\/fae-traduction.fr\/services\/traduction-ludique\/","url":"https:\/\/fae-traduction.fr\/services\/traduction-ludique\/","name":"[:fr]Traduction Ludique | Anglais\/Espagnol > Fran\u00e7ais | jeux, jouets, figurines[:]","isPartOf":{"@id":"https:\/\/fae-traduction.fr\/#website"},"primaryImageOfPage":{"@id":"https:\/\/fae-traduction.fr\/services\/traduction-ludique\/#primaryimage"},"image":{"@id":"https:\/\/fae-traduction.fr\/services\/traduction-ludique\/#primaryimage"},"thumbnailUrl":"https:\/\/fae-traduction.fr\/wp-content\/uploads\/2017\/12\/trad-ludique-1.png","datePublished":"2017-11-05T09:54:59+00:00","dateModified":"2018-01-21T22:13:48+00:00","description":"{:fr}Traduction de touts types de jeux (jeux de plateau, jeux de cartes, jeux de r\u00f4le, jeux de figurines ...) et jouets de l'Anglais ou de l'Espagnol vers le Fran\u00e7ais. Traduction des r\u00e8gles, textes des cartes, livres de base, description produit ... {:}","breadcrumb":{"@id":"https:\/\/fae-traduction.fr\/services\/traduction-ludique\/#breadcrumb"},"inLanguage":"en-US","potentialAction":[{"@type":"ReadAction","target":["https:\/\/fae-traduction.fr\/services\/traduction-ludique\/"]}]},{"@type":"ImageObject","inLanguage":"en-US","@id":"https:\/\/fae-traduction.fr\/services\/traduction-ludique\/#primaryimage","url":"https:\/\/fae-traduction.fr\/wp-content\/uploads\/2017\/12\/trad-ludique-1.png","contentUrl":"https:\/\/fae-traduction.fr\/wp-content\/uploads\/2017\/12\/trad-ludique-1.png","width":1915,"height":820},{"@type":"BreadcrumbList","@id":"https:\/\/fae-traduction.fr\/services\/traduction-ludique\/#breadcrumb","itemListElement":[{"@type":"ListItem","position":1,"name":"Accueil","item":"https:\/\/fae-traduction.fr\/"},{"@type":"ListItem","position":2,"name":"Services","item":"https:\/\/fae-traduction.fr\/services\/"},{"@type":"ListItem","position":3,"name":"Traduction Ludique"}]},{"@type":"WebSite","@id":"https:\/\/fae-traduction.fr\/#website","url":"https:\/\/fae-traduction.fr\/","name":"FAE Traduction","description":"Donner des ailes \u00e0 vos mots","publisher":{"@id":"https:\/\/fae-traduction.fr\/#organization"},"potentialAction":[{"@type":"SearchAction","target":{"@type":"EntryPoint","urlTemplate":"https:\/\/fae-traduction.fr\/?s={search_term_string}"},"query-input":"required name=search_term_string"}],"inLanguage":"en-US"},{"@type":"Organization","@id":"https:\/\/fae-traduction.fr\/#organization","name":"FAE Traduction","url":"https:\/\/fae-traduction.fr\/","logo":{"@type":"ImageObject","inLanguage":"en-US","@id":"https:\/\/fae-traduction.fr\/#\/schema\/logo\/image\/","url":"https:\/\/fae-traduction.fr\/wp-content\/uploads\/2021\/11\/cropped-banniere_twitter.png","contentUrl":"https:\/\/fae-traduction.fr\/wp-content\/uploads\/2021\/11\/cropped-banniere_twitter.png","width":1584,"height":356,"caption":"FAE Traduction"},"image":{"@id":"https:\/\/fae-traduction.fr\/#\/schema\/logo\/image\/"},"sameAs":["https:\/\/x.com\/FAE_Traduction","https:\/\/www.linkedin.com\/in\/mailys-lejosne\/"]}]}},"_links":{"self":[{"href":"https:\/\/fae-traduction.fr\/en\/wp-json\/wp\/v2\/pages\/42","targetHints":{"allow":["GET"]}}],"collection":[{"href":"https:\/\/fae-traduction.fr\/en\/wp-json\/wp\/v2\/pages"}],"about":[{"href":"https:\/\/fae-traduction.fr\/en\/wp-json\/wp\/v2\/types\/page"}],"author":[{"embeddable":true,"href":"https:\/\/fae-traduction.fr\/en\/wp-json\/wp\/v2\/users\/2"}],"replies":[{"embeddable":true,"href":"https:\/\/fae-traduction.fr\/en\/wp-json\/wp\/v2\/comments?post=42"}],"version-history":[{"count":12,"href":"https:\/\/fae-traduction.fr\/en\/wp-json\/wp\/v2\/pages\/42\/revisions"}],"predecessor-version":[{"id":288,"href":"https:\/\/fae-traduction.fr\/en\/wp-json\/wp\/v2\/pages\/42\/revisions\/288"}],"up":[{"embeddable":true,"href":"https:\/\/fae-traduction.fr\/en\/wp-json\/wp\/v2\/pages\/119"}],"wp:featuredmedia":[{"embeddable":true,"href":"https:\/\/fae-traduction.fr\/en\/wp-json\/wp\/v2\/media\/279"}],"wp:attachment":[{"href":"https:\/\/fae-traduction.fr\/en\/wp-json\/wp\/v2\/media?parent=42"}],"curies":[{"name":"wp","href":"https:\/\/api.w.org\/{rel}","templated":true}]}}