{"id":7,"date":"2017-11-05T10:35:20","date_gmt":"2017-11-05T09:35:20","guid":{"rendered":"http:\/\/fae-traduction.fr\/?page_id=7"},"modified":"2021-12-06T18:30:12","modified_gmt":"2021-12-06T17:30:12","slug":"accueil","status":"publish","type":"page","link":"https:\/\/fae-traduction.fr\/en\/","title":{"rendered":"Home"},"content":{"rendered":"<p><\/p>\n<h1>Welcome to FAE Traduction&#8217;s website<\/h1>\n<p>I offer professional translation services from English and Spanish into French. I specialize in <a href=\"https:\/\/fae-traduction.fr\/services\/traduction-technique\/\">engineering<\/a> and <a href=\"https:\/\/fae-traduction.fr\/index.php\/traduction-ludique\/\">board games<\/a>. I also offer liaison interpretation along with proofreading services and desktop publishing.<\/p>\n<h2><span style=\"font-size: 12pt;\">You need to translate technical specifications or a marketing leaflet in process engineering?<br \/>\n<\/span><\/h2>\n<h2><span style=\"font-size: 12pt;\">You are editing a collectible card game and are looking for a true translation of the rules?<\/span><\/h2>\n<h2><span style=\"font-size: 12pt;\">You are planning a meeting with a French-speaking supplier or client in the North of France?\u00a0<\/span><\/h2>\n<p>If you recognize yourself in one of those situations, feel free to ask for more information or a free quotation by filling in my <a href=\"https:\/\/fae-traduction.fr\/index.php\/contact\/\">contact form<\/a>.<\/p>\n<p>Enjoy your visit on my website!<\/p>","protected":false},"excerpt":{"rendered":"<p>Welcome to FAE Traduction&#8217;s website I offer professional translation services from English and Spanish into French. I specialize in engineering and board games. I also offer liaison interpretation along with &#8230;<\/p>\n","protected":false},"author":1,"featured_media":0,"parent":0,"menu_order":0,"comment_status":"closed","ping_status":"closed","template":"","meta":{"om_disable_all_campaigns":false,"_monsterinsights_skip_tracking":false,"_monsterinsights_sitenote_active":false,"_monsterinsights_sitenote_note":"","_monsterinsights_sitenote_category":0,"_uf_show_specific_survey":0,"_uf_disable_surveys":false,"footnotes":""},"class_list":["post-7","page","type-page","status-publish","hentry"],"yoast_head":"<!-- This site is optimized with the Yoast SEO plugin v22.9 - https:\/\/yoast.com\/wordpress\/plugins\/seo\/ -->\n<title>(Fran\u00e7ais) FAE Traduction | traduction technique | anglais \/ espagnol &gt; fran\u00e7ais<\/title>\n<meta name=\"description\" content=\"(Fran\u00e7ais) FAE Traduction propose des services de traduction technique, interpr\u00e9tation de liaison, relecture et r\u00e9vision, de l&#039;anglais et de l&#039;espagnol vers le fran\u00e7ais dans : l&#039;industrie et le ludique.\" \/>\n<meta name=\"robots\" content=\"index, follow, max-snippet:-1, max-image-preview:large, max-video-preview:-1\" \/>\n<link rel=\"canonical\" href=\"https:\/\/fae-traduction.fr\/\" \/>\n<meta property=\"og:locale\" content=\"en_US\" \/>\n<meta property=\"og:type\" content=\"article\" \/>\n<meta property=\"og:title\" content=\"[:fr]FAE Traduction | traduction technique | anglais \/ espagnol &gt; fran\u00e7ais[:]\" \/>\n<meta property=\"og:description\" content=\"{:fr}FAE Traduction propose des services de traduction technique, interpr\u00e9tation de liaison, relecture et r\u00e9vision, de l&#039;anglais et de l&#039;espagnol vers le fran\u00e7ais dans : l&#039;industrie et le ludique.{:}\" \/>\n<meta property=\"og:url\" content=\"https:\/\/fae-traduction.fr\/\" \/>\n<meta property=\"og:site_name\" content=\"FAE Traduction\" \/>\n<meta property=\"article:modified_time\" content=\"2021-12-06T17:30:12+00:00\" \/>\n<meta name=\"twitter:card\" content=\"summary_large_image\" \/>\n<meta name=\"twitter:site\" content=\"@FAE_Traduction\" \/>\n<meta name=\"twitter:label1\" content=\"Est. reading time\" \/>\n\t<meta name=\"twitter:data1\" content=\"3 minutes\" \/>\n<script type=\"application\/ld+json\" class=\"yoast-schema-graph\">{\"@context\":\"https:\/\/schema.org\",\"@graph\":[{\"@type\":\"WebPage\",\"@id\":\"https:\/\/fae-traduction.fr\/\",\"url\":\"https:\/\/fae-traduction.fr\/\",\"name\":\"[:fr]FAE Traduction | traduction technique | anglais \/ espagnol > fran\u00e7ais[:]\",\"isPartOf\":{\"@id\":\"https:\/\/fae-traduction.fr\/#website\"},\"datePublished\":\"2017-11-05T09:35:20+00:00\",\"dateModified\":\"2021-12-06T17:30:12+00:00\",\"description\":\"{:fr}FAE Traduction propose des services de traduction technique, interpr\u00e9tation de liaison, relecture et r\u00e9vision, de l'anglais et de l'espagnol vers le fran\u00e7ais dans : l'industrie et le ludique.{:}\",\"breadcrumb\":{\"@id\":\"https:\/\/fae-traduction.fr\/#breadcrumb\"},\"inLanguage\":\"en-US\",\"potentialAction\":[{\"@type\":\"ReadAction\",\"target\":[\"https:\/\/fae-traduction.fr\/\"]}]},{\"@type\":\"BreadcrumbList\",\"@id\":\"https:\/\/fae-traduction.fr\/#breadcrumb\",\"itemListElement\":[{\"@type\":\"ListItem\",\"position\":1,\"name\":\"Accueil\",\"item\":\"https:\/\/fae-traduction.fr\/\"},{\"@type\":\"ListItem\",\"position\":2,\"name\":\"Accueil\"}]},{\"@type\":\"WebSite\",\"@id\":\"https:\/\/fae-traduction.fr\/#website\",\"url\":\"https:\/\/fae-traduction.fr\/\",\"name\":\"FAE Traduction\",\"description\":\"Donner des ailes \u00e0 vos mots\",\"publisher\":{\"@id\":\"https:\/\/fae-traduction.fr\/#organization\"},\"potentialAction\":[{\"@type\":\"SearchAction\",\"target\":{\"@type\":\"EntryPoint\",\"urlTemplate\":\"https:\/\/fae-traduction.fr\/?s={search_term_string}\"},\"query-input\":\"required name=search_term_string\"}],\"inLanguage\":\"en-US\"},{\"@type\":\"Organization\",\"@id\":\"https:\/\/fae-traduction.fr\/#organization\",\"name\":\"FAE Traduction\",\"url\":\"https:\/\/fae-traduction.fr\/\",\"logo\":{\"@type\":\"ImageObject\",\"inLanguage\":\"en-US\",\"@id\":\"https:\/\/fae-traduction.fr\/#\/schema\/logo\/image\/\",\"url\":\"https:\/\/fae-traduction.fr\/wp-content\/uploads\/2021\/11\/cropped-banniere_twitter.png\",\"contentUrl\":\"https:\/\/fae-traduction.fr\/wp-content\/uploads\/2021\/11\/cropped-banniere_twitter.png\",\"width\":1584,\"height\":356,\"caption\":\"FAE Traduction\"},\"image\":{\"@id\":\"https:\/\/fae-traduction.fr\/#\/schema\/logo\/image\/\"},\"sameAs\":[\"https:\/\/x.com\/FAE_Traduction\",\"https:\/\/www.linkedin.com\/in\/mailys-lejosne\/\"]}]}<\/script>\n<!-- \/ Yoast SEO plugin. -->","yoast_head_json":{"title":"(Fran\u00e7ais) FAE Traduction | traduction technique | anglais \/ espagnol > fran\u00e7ais","description":"(Fran\u00e7ais) FAE Traduction propose des services de traduction technique, interpr\u00e9tation de liaison, relecture et r\u00e9vision, de l'anglais et de l'espagnol vers le fran\u00e7ais dans : l'industrie et le ludique.","robots":{"index":"index","follow":"follow","max-snippet":"max-snippet:-1","max-image-preview":"max-image-preview:large","max-video-preview":"max-video-preview:-1"},"canonical":"https:\/\/fae-traduction.fr\/","og_locale":"en_US","og_type":"article","og_title":"[:fr]FAE Traduction | traduction technique | anglais \/ espagnol > fran\u00e7ais[:]","og_description":"{:fr}FAE Traduction propose des services de traduction technique, interpr\u00e9tation de liaison, relecture et r\u00e9vision, de l'anglais et de l'espagnol vers le fran\u00e7ais dans : l'industrie et le ludique.{:}","og_url":"https:\/\/fae-traduction.fr\/","og_site_name":"FAE Traduction","article_modified_time":"2021-12-06T17:30:12+00:00","twitter_card":"summary_large_image","twitter_site":"@FAE_Traduction","twitter_misc":{"Est. reading time":"3 minutes"},"schema":{"@context":"https:\/\/schema.org","@graph":[{"@type":"WebPage","@id":"https:\/\/fae-traduction.fr\/","url":"https:\/\/fae-traduction.fr\/","name":"[:fr]FAE Traduction | traduction technique | anglais \/ espagnol > fran\u00e7ais[:]","isPartOf":{"@id":"https:\/\/fae-traduction.fr\/#website"},"datePublished":"2017-11-05T09:35:20+00:00","dateModified":"2021-12-06T17:30:12+00:00","description":"{:fr}FAE Traduction propose des services de traduction technique, interpr\u00e9tation de liaison, relecture et r\u00e9vision, de l'anglais et de l'espagnol vers le fran\u00e7ais dans : l'industrie et le ludique.{:}","breadcrumb":{"@id":"https:\/\/fae-traduction.fr\/#breadcrumb"},"inLanguage":"en-US","potentialAction":[{"@type":"ReadAction","target":["https:\/\/fae-traduction.fr\/"]}]},{"@type":"BreadcrumbList","@id":"https:\/\/fae-traduction.fr\/#breadcrumb","itemListElement":[{"@type":"ListItem","position":1,"name":"Accueil","item":"https:\/\/fae-traduction.fr\/"},{"@type":"ListItem","position":2,"name":"Accueil"}]},{"@type":"WebSite","@id":"https:\/\/fae-traduction.fr\/#website","url":"https:\/\/fae-traduction.fr\/","name":"FAE Traduction","description":"Donner des ailes \u00e0 vos mots","publisher":{"@id":"https:\/\/fae-traduction.fr\/#organization"},"potentialAction":[{"@type":"SearchAction","target":{"@type":"EntryPoint","urlTemplate":"https:\/\/fae-traduction.fr\/?s={search_term_string}"},"query-input":"required name=search_term_string"}],"inLanguage":"en-US"},{"@type":"Organization","@id":"https:\/\/fae-traduction.fr\/#organization","name":"FAE Traduction","url":"https:\/\/fae-traduction.fr\/","logo":{"@type":"ImageObject","inLanguage":"en-US","@id":"https:\/\/fae-traduction.fr\/#\/schema\/logo\/image\/","url":"https:\/\/fae-traduction.fr\/wp-content\/uploads\/2021\/11\/cropped-banniere_twitter.png","contentUrl":"https:\/\/fae-traduction.fr\/wp-content\/uploads\/2021\/11\/cropped-banniere_twitter.png","width":1584,"height":356,"caption":"FAE Traduction"},"image":{"@id":"https:\/\/fae-traduction.fr\/#\/schema\/logo\/image\/"},"sameAs":["https:\/\/x.com\/FAE_Traduction","https:\/\/www.linkedin.com\/in\/mailys-lejosne\/"]}]}},"_links":{"self":[{"href":"https:\/\/fae-traduction.fr\/en\/wp-json\/wp\/v2\/pages\/7","targetHints":{"allow":["GET"]}}],"collection":[{"href":"https:\/\/fae-traduction.fr\/en\/wp-json\/wp\/v2\/pages"}],"about":[{"href":"https:\/\/fae-traduction.fr\/en\/wp-json\/wp\/v2\/types\/page"}],"author":[{"embeddable":true,"href":"https:\/\/fae-traduction.fr\/en\/wp-json\/wp\/v2\/users\/1"}],"replies":[{"embeddable":true,"href":"https:\/\/fae-traduction.fr\/en\/wp-json\/wp\/v2\/comments?post=7"}],"version-history":[{"count":37,"href":"https:\/\/fae-traduction.fr\/en\/wp-json\/wp\/v2\/pages\/7\/revisions"}],"predecessor-version":[{"id":564,"href":"https:\/\/fae-traduction.fr\/en\/wp-json\/wp\/v2\/pages\/7\/revisions\/564"}],"wp:attachment":[{"href":"https:\/\/fae-traduction.fr\/en\/wp-json\/wp\/v2\/media?parent=7"}],"curies":[{"name":"wp","href":"https:\/\/api.w.org\/{rel}","templated":true}]}}