{"id":119,"date":"2017-11-05T13:29:59","date_gmt":"2017-11-05T12:29:59","guid":{"rendered":"http:\/\/fae-traduction.fr\/?page_id=119"},"modified":"2020-01-28T17:58:42","modified_gmt":"2020-01-28T16:58:42","slug":"services","status":"publish","type":"page","link":"https:\/\/fae-traduction.fr\/es\/prestacion\/","title":{"rendered":"Prestaci\u00f3n"},"content":{"rendered":"<p>FAE Traduction ofrece varias prestaciones de servicios de traducci\u00f3n y servicios asociados.<\/p>\n<h2><span style=\"font-size: 12pt;\">La <strong>Traducci\u00f3n T\u00e9cnica<\/strong>\u00a0<\/span><\/h2>\n<p>Consiste en traducir textos que no son literarios de una lengua a otra. Hay muchas varias especializaciones pero mi \u00e1mbitos de pr\u00e1ctica son:<\/p>\n<p><a href=\"https:\/\/fae-traduction.fr\/index.php\/traduction-technique\/\"><img loading=\"lazy\" decoding=\"async\" class=\"alignnone wp-image-148 size-full\" src=\"https:\/\/fae-traduction.fr\/wp-content\/uploads\/2017\/11\/settings.png\" alt=\"\" width=\"64\" height=\"64\" \/><\/a>\u00a0 \u00a0<strong><a href=\"https:\/\/fae-traduction.fr\/services\/traduction-technique\/\">Traducci\u00f3n t\u00e9cnica<\/a> \u00a0<\/strong> \u00a0 \u00a0 \u00a0 \u00a0 \u00a0 \u00a0\u00a0 <span style=\"font-size: 1rem;\"><a href=\"https:\/\/fae-traduction.fr\/index.php\/traduction-ludique\/\"><img loading=\"lazy\" decoding=\"async\" class=\"alignnone wp-image-147 size-full\" src=\"https:\/\/fae-traduction.fr\/wp-content\/uploads\/2017\/11\/board-games-set-1.png\" alt=\"\" width=\"64\" height=\"64\" \/><\/a><\/span>\u00a0<a href=\"https:\/\/fae-traduction.fr\/services\/traduction-ludique\/\"><strong>Tra<span style=\"font-size: 1rem;\">ducci\u00f3n l\u00fadica<\/span><\/strong><\/a><\/p>\n<p>Adem\u00e1s de la traducci\u00f3n, propongo los siguientes servicios :<\/p>\n<h2><img loading=\"lazy\" decoding=\"async\" class=\"alignnone size-full wp-image-302\" src=\"https:\/\/fae-traduction.fr\/wp-content\/uploads\/2018\/01\/communication-2.png\" alt=\"Logo repr\u00e9sentant l'interpr\u00e9tation\" width=\"64\" height=\"64\" \/>\u00a0\u00a0<span style=\"font-size: 12pt;\"><strong>Interpretaci\u00f3n<\/strong> de enlace Ingl\u00e9s&lt;&gt;Franc\u00e9s y Espa\u00f1ol&lt;&gt;Franc\u00e9s<\/span><\/h2>\n<h2><img loading=\"lazy\" decoding=\"async\" class=\"alignnone wp-image-150 size-full\" src=\"https:\/\/fae-traduction.fr\/wp-content\/uploads\/2017\/11\/homework.png\" alt=\"\" width=\"64\" height=\"64\" \/>\u00a0 \u00a0<span style=\"font-size: 12pt;\"><strong>Relectura\u00a0<\/strong>de textos y documentos en Franc\u00e9s<\/span><\/h2>\n<h2><\/h2>\n<p><\/p>","protected":false},"excerpt":{"rendered":"<p>FAE Traduction ofrece varias prestaciones de servicios de traducci\u00f3n y servicios asociados. La Traducci\u00f3n T\u00e9cnica\u00a0 Consiste en traducir textos que no son literarios de una lengua a otra. Hay muchas &#8230;<\/p>\n","protected":false},"author":2,"featured_media":122,"parent":0,"menu_order":0,"comment_status":"closed","ping_status":"closed","template":"","meta":{"om_disable_all_campaigns":false,"_monsterinsights_skip_tracking":false,"_monsterinsights_sitenote_active":false,"_monsterinsights_sitenote_note":"","_monsterinsights_sitenote_category":0,"_uf_show_specific_survey":0,"_uf_disable_surveys":false,"footnotes":""},"class_list":["post-119","page","type-page","status-publish","has-post-thumbnail","hentry"],"yoast_head":"<!-- This site is optimized with the Yoast SEO plugin v22.9 - https:\/\/yoast.com\/wordpress\/plugins\/seo\/ -->\n<title>(Fran\u00e7ais) Traduction technique, ludique, interpr\u00e9tation, relecture | FAE Traduction<\/title>\n<meta name=\"description\" content=\"(Fran\u00e7ais) FAE offre une large gamme de services : traduction technique Anglais&gt;Fran\u00e7ais &amp; Espagnol&gt;Fran\u00e7ais (dans les domaines industriels et ludique), interpr\u00e9tation de liaison (AnglaisFran\u00e7ais &amp; EspagnolFran\u00e7ais), relecture &amp; r\u00e9vision, r\u00e9daction technique.\" \/>\n<meta name=\"robots\" content=\"index, follow, max-snippet:-1, max-image-preview:large, max-video-preview:-1\" \/>\n<link rel=\"canonical\" href=\"https:\/\/fae-traduction.fr\/services\/\" \/>\n<meta property=\"og:locale\" content=\"es_ES\" \/>\n<meta property=\"og:type\" content=\"article\" \/>\n<meta property=\"og:title\" content=\"[:fr]Traduction technique, ludique, interpr\u00e9tation, relecture | FAE Traduction[:]\" \/>\n<meta property=\"og:description\" content=\"{:fr}FAE offre une large gamme de services : traduction technique Anglais&gt;Fran\u00e7ais &amp; Espagnol&gt;Fran\u00e7ais (dans les domaines industriels et ludique), interpr\u00e9tation de liaison (AnglaisFran\u00e7ais &amp; EspagnolFran\u00e7ais), relecture &amp; r\u00e9vision, r\u00e9daction technique. {:}\" \/>\n<meta property=\"og:url\" content=\"https:\/\/fae-traduction.fr\/services\/\" \/>\n<meta property=\"og:site_name\" content=\"FAE Traduction\" \/>\n<meta property=\"article:modified_time\" content=\"2020-01-28T16:58:42+00:00\" \/>\n<meta property=\"og:image\" content=\"https:\/\/fae-traduction.fr\/wp-content\/uploads\/2017\/11\/laptop-2838914_1920-1024x433.png\" \/>\n\t<meta property=\"og:image:width\" content=\"1024\" \/>\n\t<meta property=\"og:image:height\" content=\"433\" \/>\n\t<meta property=\"og:image:type\" content=\"image\/png\" \/>\n<meta name=\"twitter:card\" content=\"summary_large_image\" \/>\n<meta name=\"twitter:site\" content=\"@FAE_Traduction\" \/>\n<meta name=\"twitter:label1\" content=\"Tiempo de lectura\" \/>\n\t<meta name=\"twitter:data1\" content=\"1 minuto\" \/>\n<script type=\"application\/ld+json\" class=\"yoast-schema-graph\">{\"@context\":\"https:\/\/schema.org\",\"@graph\":[{\"@type\":\"WebPage\",\"@id\":\"https:\/\/fae-traduction.fr\/services\/\",\"url\":\"https:\/\/fae-traduction.fr\/services\/\",\"name\":\"[:fr]Traduction technique, ludique, interpr\u00e9tation, relecture | FAE Traduction[:]\",\"isPartOf\":{\"@id\":\"https:\/\/fae-traduction.fr\/#website\"},\"primaryImageOfPage\":{\"@id\":\"https:\/\/fae-traduction.fr\/services\/#primaryimage\"},\"image\":{\"@id\":\"https:\/\/fae-traduction.fr\/services\/#primaryimage\"},\"thumbnailUrl\":\"https:\/\/fae-traduction.fr\/wp-content\/uploads\/2017\/11\/laptop-2838914_1920.png\",\"datePublished\":\"2017-11-05T12:29:59+00:00\",\"dateModified\":\"2020-01-28T16:58:42+00:00\",\"description\":\"{:fr}FAE offre une large gamme de services : traduction technique Anglais>Fran\u00e7ais & Espagnol>Fran\u00e7ais (dans les domaines industriels et ludique), interpr\u00e9tation de liaison (AnglaisFran\u00e7ais & EspagnolFran\u00e7ais), relecture & r\u00e9vision, r\u00e9daction technique. {:}\",\"breadcrumb\":{\"@id\":\"https:\/\/fae-traduction.fr\/services\/#breadcrumb\"},\"inLanguage\":\"es\",\"potentialAction\":[{\"@type\":\"ReadAction\",\"target\":[\"https:\/\/fae-traduction.fr\/services\/\"]}]},{\"@type\":\"ImageObject\",\"inLanguage\":\"es\",\"@id\":\"https:\/\/fae-traduction.fr\/services\/#primaryimage\",\"url\":\"https:\/\/fae-traduction.fr\/wp-content\/uploads\/2017\/11\/laptop-2838914_1920.png\",\"contentUrl\":\"https:\/\/fae-traduction.fr\/wp-content\/uploads\/2017\/11\/laptop-2838914_1920.png\",\"width\":1920,\"height\":812},{\"@type\":\"BreadcrumbList\",\"@id\":\"https:\/\/fae-traduction.fr\/services\/#breadcrumb\",\"itemListElement\":[{\"@type\":\"ListItem\",\"position\":1,\"name\":\"Accueil\",\"item\":\"https:\/\/fae-traduction.fr\/\"},{\"@type\":\"ListItem\",\"position\":2,\"name\":\"Services\"}]},{\"@type\":\"WebSite\",\"@id\":\"https:\/\/fae-traduction.fr\/#website\",\"url\":\"https:\/\/fae-traduction.fr\/\",\"name\":\"FAE Traduction\",\"description\":\"Donner des ailes \u00e0 vos mots\",\"publisher\":{\"@id\":\"https:\/\/fae-traduction.fr\/#organization\"},\"potentialAction\":[{\"@type\":\"SearchAction\",\"target\":{\"@type\":\"EntryPoint\",\"urlTemplate\":\"https:\/\/fae-traduction.fr\/?s={search_term_string}\"},\"query-input\":\"required name=search_term_string\"}],\"inLanguage\":\"es\"},{\"@type\":\"Organization\",\"@id\":\"https:\/\/fae-traduction.fr\/#organization\",\"name\":\"FAE Traduction\",\"url\":\"https:\/\/fae-traduction.fr\/\",\"logo\":{\"@type\":\"ImageObject\",\"inLanguage\":\"es\",\"@id\":\"https:\/\/fae-traduction.fr\/#\/schema\/logo\/image\/\",\"url\":\"https:\/\/fae-traduction.fr\/wp-content\/uploads\/2021\/11\/cropped-banniere_twitter.png\",\"contentUrl\":\"https:\/\/fae-traduction.fr\/wp-content\/uploads\/2021\/11\/cropped-banniere_twitter.png\",\"width\":1584,\"height\":356,\"caption\":\"FAE Traduction\"},\"image\":{\"@id\":\"https:\/\/fae-traduction.fr\/#\/schema\/logo\/image\/\"},\"sameAs\":[\"https:\/\/x.com\/FAE_Traduction\",\"https:\/\/www.linkedin.com\/in\/mailys-lejosne\/\"]}]}<\/script>\n<!-- \/ Yoast SEO plugin. -->","yoast_head_json":{"title":"(Fran\u00e7ais) Traduction technique, ludique, interpr\u00e9tation, relecture | FAE Traduction","description":"(Fran\u00e7ais) FAE offre une large gamme de services : traduction technique Anglais>Fran\u00e7ais & Espagnol>Fran\u00e7ais (dans les domaines industriels et ludique), interpr\u00e9tation de liaison (AnglaisFran\u00e7ais & EspagnolFran\u00e7ais), relecture & r\u00e9vision, r\u00e9daction technique.","robots":{"index":"index","follow":"follow","max-snippet":"max-snippet:-1","max-image-preview":"max-image-preview:large","max-video-preview":"max-video-preview:-1"},"canonical":"https:\/\/fae-traduction.fr\/services\/","og_locale":"es_ES","og_type":"article","og_title":"[:fr]Traduction technique, ludique, interpr\u00e9tation, relecture | FAE Traduction[:]","og_description":"{:fr}FAE offre une large gamme de services : traduction technique Anglais>Fran\u00e7ais & Espagnol>Fran\u00e7ais (dans les domaines industriels et ludique), interpr\u00e9tation de liaison (AnglaisFran\u00e7ais & EspagnolFran\u00e7ais), relecture & r\u00e9vision, r\u00e9daction technique. {:}","og_url":"https:\/\/fae-traduction.fr\/services\/","og_site_name":"FAE Traduction","article_modified_time":"2020-01-28T16:58:42+00:00","og_image":[{"width":1024,"height":433,"url":"https:\/\/fae-traduction.fr\/wp-content\/uploads\/2017\/11\/laptop-2838914_1920-1024x433.png","type":"image\/png"}],"twitter_card":"summary_large_image","twitter_site":"@FAE_Traduction","twitter_misc":{"Tiempo de lectura":"1 minuto"},"schema":{"@context":"https:\/\/schema.org","@graph":[{"@type":"WebPage","@id":"https:\/\/fae-traduction.fr\/services\/","url":"https:\/\/fae-traduction.fr\/services\/","name":"[:fr]Traduction technique, ludique, interpr\u00e9tation, relecture | FAE Traduction[:]","isPartOf":{"@id":"https:\/\/fae-traduction.fr\/#website"},"primaryImageOfPage":{"@id":"https:\/\/fae-traduction.fr\/services\/#primaryimage"},"image":{"@id":"https:\/\/fae-traduction.fr\/services\/#primaryimage"},"thumbnailUrl":"https:\/\/fae-traduction.fr\/wp-content\/uploads\/2017\/11\/laptop-2838914_1920.png","datePublished":"2017-11-05T12:29:59+00:00","dateModified":"2020-01-28T16:58:42+00:00","description":"{:fr}FAE offre une large gamme de services : traduction technique Anglais>Fran\u00e7ais & Espagnol>Fran\u00e7ais (dans les domaines industriels et ludique), interpr\u00e9tation de liaison (AnglaisFran\u00e7ais & EspagnolFran\u00e7ais), relecture & r\u00e9vision, r\u00e9daction technique. {:}","breadcrumb":{"@id":"https:\/\/fae-traduction.fr\/services\/#breadcrumb"},"inLanguage":"es","potentialAction":[{"@type":"ReadAction","target":["https:\/\/fae-traduction.fr\/services\/"]}]},{"@type":"ImageObject","inLanguage":"es","@id":"https:\/\/fae-traduction.fr\/services\/#primaryimage","url":"https:\/\/fae-traduction.fr\/wp-content\/uploads\/2017\/11\/laptop-2838914_1920.png","contentUrl":"https:\/\/fae-traduction.fr\/wp-content\/uploads\/2017\/11\/laptop-2838914_1920.png","width":1920,"height":812},{"@type":"BreadcrumbList","@id":"https:\/\/fae-traduction.fr\/services\/#breadcrumb","itemListElement":[{"@type":"ListItem","position":1,"name":"Accueil","item":"https:\/\/fae-traduction.fr\/"},{"@type":"ListItem","position":2,"name":"Services"}]},{"@type":"WebSite","@id":"https:\/\/fae-traduction.fr\/#website","url":"https:\/\/fae-traduction.fr\/","name":"FAE Traduction","description":"Donner des ailes \u00e0 vos mots","publisher":{"@id":"https:\/\/fae-traduction.fr\/#organization"},"potentialAction":[{"@type":"SearchAction","target":{"@type":"EntryPoint","urlTemplate":"https:\/\/fae-traduction.fr\/?s={search_term_string}"},"query-input":"required name=search_term_string"}],"inLanguage":"es"},{"@type":"Organization","@id":"https:\/\/fae-traduction.fr\/#organization","name":"FAE Traduction","url":"https:\/\/fae-traduction.fr\/","logo":{"@type":"ImageObject","inLanguage":"es","@id":"https:\/\/fae-traduction.fr\/#\/schema\/logo\/image\/","url":"https:\/\/fae-traduction.fr\/wp-content\/uploads\/2021\/11\/cropped-banniere_twitter.png","contentUrl":"https:\/\/fae-traduction.fr\/wp-content\/uploads\/2021\/11\/cropped-banniere_twitter.png","width":1584,"height":356,"caption":"FAE Traduction"},"image":{"@id":"https:\/\/fae-traduction.fr\/#\/schema\/logo\/image\/"},"sameAs":["https:\/\/x.com\/FAE_Traduction","https:\/\/www.linkedin.com\/in\/mailys-lejosne\/"]}]}},"_links":{"self":[{"href":"https:\/\/fae-traduction.fr\/es\/wp-json\/wp\/v2\/pages\/119","targetHints":{"allow":["GET"]}}],"collection":[{"href":"https:\/\/fae-traduction.fr\/es\/wp-json\/wp\/v2\/pages"}],"about":[{"href":"https:\/\/fae-traduction.fr\/es\/wp-json\/wp\/v2\/types\/page"}],"author":[{"embeddable":true,"href":"https:\/\/fae-traduction.fr\/es\/wp-json\/wp\/v2\/users\/2"}],"replies":[{"embeddable":true,"href":"https:\/\/fae-traduction.fr\/es\/wp-json\/wp\/v2\/comments?post=119"}],"version-history":[{"count":40,"href":"https:\/\/fae-traduction.fr\/es\/wp-json\/wp\/v2\/pages\/119\/revisions"}],"predecessor-version":[{"id":502,"href":"https:\/\/fae-traduction.fr\/es\/wp-json\/wp\/v2\/pages\/119\/revisions\/502"}],"wp:featuredmedia":[{"embeddable":true,"href":"https:\/\/fae-traduction.fr\/es\/wp-json\/wp\/v2\/media\/122"}],"wp:attachment":[{"href":"https:\/\/fae-traduction.fr\/es\/wp-json\/wp\/v2\/media?parent=119"}],"curies":[{"name":"wp","href":"https:\/\/api.w.org\/{rel}","templated":true}]}}